{"id":40,"date":"2021-03-11T12:42:26","date_gmt":"2021-03-11T12:42:26","guid":{"rendered":"http:\/\/mizrapyapi.com\/contact\/"},"modified":"2021-03-11T12:42:26","modified_gmt":"2021-03-11T12:42:26","slug":"contact","status":"publish","type":"page","link":"https:\/\/www.mizrapyapi.com\/?page_id=40","title":{"rendered":"\u0130LET\u0130\u015e\u0130M"},"content":{"rendered":"\n<p><\/p>\n\n\n\n<p>Adres: \u00c7am\u00e7e\u015fme Mah. B\u00fclb\u00fcl Sok. No:5 Pendik\/istanbul<\/p>\n\n\n\n<p><strong>Telefon:(+90) <\/strong>532 012-67-69<\/p>\n\n\n\n<div style=\"min-height:403px\" data-map-attr=\"\/qaddress\/q:\/q\u00e7am\u00e7e\u015fme mahallesi,kadim sokak ,no:5c,pendik,istanbul \/q||\/qlat\/q:\/qundefined\/q||\/qlng\/q:\/qundefined\/q||\/qskin\/q:\/qstandard\/q||\/qzoom\/q:\/q12\/q||\/qiconSize\/q:\/q36\/q||\/qmapTypeControl\/q:\/qtrue\/q||\/qzoomControl\/q:\/qtrue\/q||\/qstreetViewControl\/q:\/qtrue\/q||\/qfullscreenControl\/q:\/qtrue\/q\" class=\"wp-block-coblocks-map\"><iframe title=\"Google Haritalar\" style=\"width:100%;min-height:403px\" src=\"https:\/\/www.google.com\/maps?q=%C3%A7am%C3%A7e%C5%9Fme%20mahallesi%2Ckadim%20sokak%20%2Cno%3A5c%2Cpendik%2Cistanbul%20&amp;output=embed&amp;hl=tr&amp;z=12\" frameborder=\"0\"><\/iframe><\/div>\n\n\n\n<p><\/p>\n","protected":false},"excerpt":{"rendered":"<p>Adres: \u00c7am\u00e7e\u015fme Mah. B\u00fclb\u00fcl Sok. No:5 Pendik\/istanbul Telefon:(+90) 532 012-67-69<\/p>\n","protected":false},"author":1,"featured_media":0,"parent":0,"menu_order":0,"comment_status":"closed","ping_status":"closed","template":"","meta":{"footnotes":""},"class_list":["post-40","page","type-page","status-publish","hentry"],"_links":{"self":[{"href":"https:\/\/www.mizrapyapi.com\/index.php?rest_route=\/wp\/v2\/pages\/40","targetHints":{"allow":["GET"]}}],"collection":[{"href":"https:\/\/www.mizrapyapi.com\/index.php?rest_route=\/wp\/v2\/pages"}],"about":[{"href":"https:\/\/www.mizrapyapi.com\/index.php?rest_route=\/wp\/v2\/types\/page"}],"author":[{"embeddable":true,"href":"https:\/\/www.mizrapyapi.com\/index.php?rest_route=\/wp\/v2\/users\/1"}],"replies":[{"embeddable":true,"href":"https:\/\/www.mizrapyapi.com\/index.php?rest_route=%2Fwp%2Fv2%2Fcomments&post=40"}],"version-history":[{"count":0,"href":"https:\/\/www.mizrapyapi.com\/index.php?rest_route=\/wp\/v2\/pages\/40\/revisions"}],"wp:attachment":[{"href":"https:\/\/www.mizrapyapi.com\/index.php?rest_route=%2Fwp%2Fv2%2Fmedia&parent=40"}],"curies":[{"name":"wp","href":"https:\/\/api.w.org\/{rel}","templated":true}]}}