{"id":687,"date":"2016-04-19T16:17:12","date_gmt":"2016-04-19T16:17:12","guid":{"rendered":"https:\/\/industry.saturnthemes.dev\/?page_id=687"},"modified":"2016-04-19T16:17:12","modified_gmt":"2016-04-19T16:17:12","slug":"homepage-01","status":"publish","type":"page","link":"https:\/\/www.mizrapyapi.com\/?page_id=687","title":{"rendered":"ANASAYFA"},"content":{"rendered":"<p>[vc_row][vc_column][rev_slider alias=&#8221;homepage-01&#8243;][\/vc_column][\/vc_row][vc_row][vc_column width=&#8221;1\/2&#8243; offset=&#8221;vc_col-md-8&#8243;][\/vc_column][vc_column width=&#8221;1\/2&#8243; css=&#8221;.vc_custom_1467710608463{margin-top: -70px !important;}&#8221; offset=&#8221;vc_col-md-4 vc_col-sm-offset-0 vc_hidden-sm vc_col-xs-12&#8243;][saturnthemes_industry_icon_box icon_fontawesome=&#8221;fas fa-envelope&#8221; read_more=&#8221;box&#8221; link=&#8221;url:https%3A%2F%2Fwww.mizrapyapi.com%2Filetisimm%2F&#8221; box_style=&#8221;&#8221; title=&#8221;Sormakta Teredd\u00fct Etme&#8221; title_color=&#8221;rgba(0,0,0,0.4)&#8221; content_color=&#8221;#ffffff&#8221; icon_background_color=&#8221;rgba(0,0,0,0.1)&#8221; custom_color=&#8221;#ffffff&#8221; el_class=&#8221;primary-bg&#8221;]HIZLI TEKL\u0130F AL[\/saturnthemes_industry_icon_box][\/vc_column][\/vc_row][vc_row css=&#8221;.vc_custom_1465809554607{padding-top: 50px !important;padding-bottom: 30px !important;}&#8221;][vc_column][vc_custom_heading text=&#8221;H\u0130ZMETLER\u0130M\u0130Z&#8221; font_container=&#8221;tag:h2|font_size:30px|text_align:left|line_height:0.8&#8243; use_theme_fonts=&#8221;yes&#8221; font_weight=&#8221;700&#8243; text_transform=&#8221;uppercase&#8221; heading_style=&#8221;heading&#8221; sub_heading_character=&#8221;NE YAPIYORUZ?&#8221; sub_heading_character_color=&#8221;rgba(0,0,0,0.4)&#8221;][saturnthemes_industry_services_grid show_excerpt=&#8221;yes&#8221; show_icon=&#8221;yes&#8221; order=&#8221;DESC&#8221; per_page=&#8221;6&#8243; taxonomies=&#8221;industry&#8221;][\/vc_column][vc_column][\/vc_column][\/vc_row][vc_row full_width=&#8221;stretch_row&#8221; content_placement=&#8221;middle&#8221; css=&#8221;.vc_custom_1461166766966{border-top-width: 1px !important;border-top-color: #eeeeee !important;border-top-style: solid !important;}&#8221;][vc_column width=&#8221;1\/2&#8243;][\/vc_column][vc_column width=&#8221;1\/2&#8243; css=&#8221;.vc_custom_1461088113489{padding-top: 0px !important;}&#8221;][\/vc_column][\/vc_row][vc_row full_width=&#8221;stretch_row&#8221; gap=&#8221;10&#8243; content_placement=&#8221;middle&#8221; parallax=&#8221;content-moving&#8221; parallax_image=&#8221;1325&#8243; parallax_speed_bg=&#8221;3.5&#8243; css=&#8221;.vc_custom_1617269958668{padding-top: 46px !important;padding-bottom: 16px !important;}&#8221;][vc_column width=&#8221;1\/2&#8243;][vc_widget_sidebar sidebar_id=&#8221;jr-insta-shortcodes&#8221;][vc_widget_sidebar title=&#8221;\u0130nstagram&#8221; sidebar_id=&#8221;sidebar-1&#8243;][\/vc_column][vc_column width=&#8221;1\/2&#8243;][vc_custom_heading text=&#8221;KAL\u0130TE VE G\u00dcVEN&#8221; font_container=&#8221;tag:h2|font_size:30px|text_align:left|color:%23ffffff|line_height:0.8&#8243; use_theme_fonts=&#8221;yes&#8221; font_weight=&#8221;700&#8243; text_transform=&#8221;uppercase&#8221; heading_style=&#8221;heading&#8221; sub_heading_character_color=&#8221;rgba(0,0,0,0.4)&#8221;][vc_column_text]Mizrap Yap\u0131<\/p>\n<p>Banyo Dolab\u0131, Du\u015fakabin, Al\u00e7\u0131pan, Al\u00e7\u0131, Boya, , Kartonpiyer, Parke, Fayans ve Kalebodur gibi t\u00fcm tadilat ve dekorasyon i\u015fleriniz konusunda uzman kadromuzla yap\u0131l\u0131r.<\/p>\n<p>M\u00fc\u015fteri memnuniyeti \u00f6nceli\u011fimiz ile uygun fiyat, kaliteli i\u015f\u00e7ilik ve g\u00fclery\u00fczl\u00fc personellerimiz ile tadilat ve dekorasyon i\u015flerinizi yap\u0131yoruz.[\/vc_column_text][saturnthemes_industry_icon_button icon_fontawesome=&#8221;&#8221; btn_size=&#8221;btn-normal-size&#8221; link=&#8221;url:https%3A%2F%2Fwww.mizrapyapi.com%2Filetisimm%2F|title:Bize%20ula%C5%9F%C4%B1n|target:_blank&#8221; css=&#8221;.vc_custom_1616835298175{margin-bottom: 20px !important;}&#8221;][\/vc_column][\/vc_row][vc_row full_width=&#8221;stretch_row&#8221; css=&#8221;.vc_custom_1461091664450{padding-top: 54px !important;padding-bottom: 59px !important;background-color: #eeeeee !important;}&#8221;][vc_column][saturnthemes_industry_image_carousel images=&#8221;1605,1606,1794,1795,1797,1604&#8243; items_on_desktop=&#8221;6&#8243; autoplay=&#8221;&#8221; hide_prev_next_buttons=&#8221;yes&#8221; item_space=&#8221;0&#8243;][\/vc_column][vc_column][\/vc_column][\/vc_row][vc_row full_width=&#8221;stretch_row&#8221; parallax=&#8221;content-moving&#8221; parallax_image=&#8221;839&#8243; parallax_speed_bg=&#8221;3.5&#8243; css=&#8221;.vc_custom_1461605241277{padding-top: 46px !important;padding-bottom: 26px !important;}&#8221;][vc_column][vc_custom_heading text=&#8221;News&#8221; font_container=&#8221;tag:h2|font_size:30px|text_align:left|color:%23ffffff|line_height:0.8&#8243; use_theme_fonts=&#8221;yes&#8221; font_weight=&#8221;700&#8243; text_transform=&#8221;uppercase&#8221; heading_style=&#8221;heading&#8221; sub_heading_character=&#8221;The Blog&#8221; sub_heading_character_color=&#8221;rgba(255,255,255,0.4)&#8221;][saturnthemes_industry_post_grid max_items=&#8221;-1&#8243; items_per_row=&#8221;3&#8243; autoplay=&#8221;&#8221; show_dots=&#8221;&#8221; title_color=&#8221;#ffffff&#8221; meta_color=&#8221;#868686&#8243; arrow_color=&#8221;#ffffff&#8221; taxonomies=&#8221;industry&#8221;][\/vc_column][\/vc_row][vc_row full_width=&#8221;stretch_row&#8221; css=&#8221;.vc_custom_1467311501367{padding-top: 50px !important;padding-bottom: 55px !important;background-image: url(http:\/\/www.mizrapyapi.com\/wp-content\/uploads\/2016\/04\/quote-bg.jpg?id=1325) !important;}&#8221;][vc_column width=&#8221;1\/12&#8243;][\/vc_column][vc_column width=&#8221;10\/12&#8243; css=&#8221;.vc_custom_1467309157537{padding-top: 0px !important;}&#8221;][vc_custom_heading text=&#8221;EV\u0130N\u0130Z\u0130N G\u00dcZELLE\u015eMES\u0130N\u0130 \u0130STEMEZ M\u0130S\u0130N\u0130Z?&#8221; font_container=&#8221;tag:h2|font_size:26px|text_align:center|color:%23ffffff|line_height:1.6&#8243; use_theme_fonts=&#8221;yes&#8221; font_weight=&#8221;400&#8243; text_transform=&#8221;none&#8221; sub_heading_character_color=&#8221;rgba(0,0,0,0.4)&#8221;][vc_custom_heading text=&#8221;KARDE\u015eLER YAPI&#8221; font_container=&#8221;tag:h2|font_size:26px|text_align:center|line_height:1.6&#8243; use_theme_fonts=&#8221;yes&#8221; font_weight=&#8221;700&#8243; text_transform=&#8221;none&#8221; sub_heading_character_color=&#8221;rgba(0,0,0,0.4)&#8221; el_class=&#8221;primary-color&#8221; css=&#8221;.vc_custom_1615905805255{margin-top: -18px !important;}&#8221;][vc_custom_heading text=&#8221;HASAN C\u0130LAN&#8221; font_container=&#8221;tag:h2|font_size:16px|text_align:center|color:%23ffffff|line_height:1.6&#8243; use_theme_fonts=&#8221;yes&#8221; font_weight=&#8221;700&#8243; text_transform=&#8221;none&#8221; sub_heading_character_color=&#8221;rgba(0,0,0,0.4)&#8221; css=&#8221;.vc_custom_1615905820039{margin-top: -3px !important;}&#8221; el_class=&#8221;custom-heading-name-quote&#8221;][\/vc_column][vc_column width=&#8221;1\/12&#8243;][\/vc_column][\/vc_row][vc_row full_width=&#8221;stretch_row&#8221; css=&#8221;.vc_custom_1461605255667{padding-top: 15px !important;padding-bottom: 50px !important;background-image: url(http:\/\/www.mizrapyapi.com\/wp-content\/uploads\/2016\/04\/icon-box-bg-01.jpg?id=785) !important;}&#8221;][vc_column width=&#8221;1\/2&#8243; offset=&#8221;vc_col-lg-4&#8243;][saturnthemes_industry_icon_box icon_fontawesome=&#8221;fas fa-house-damage&#8221; box_bg_color=&#8221;rgba(0,0,0,0.5)&#8221; box_style=&#8221;&#8221; title=&#8221;ADRES&#8221; title_color=&#8221;rgba(255,255,255,0.4)&#8221; content_color=&#8221;#ffffff&#8221; icon_background_color=&#8221;rgba(0,0,0,0.4)&#8221;]Pendik, PK 34899, TR[\/saturnthemes_industry_icon_box][\/vc_column][vc_column width=&#8221;1\/2&#8243; offset=&#8221;vc_col-md-4&#8243;][saturnthemes_industry_icon_box icon_fontawesome=&#8221;fas fa-envelope&#8221; box_bg_color=&#8221;rgba(0,0,0,0.5)&#8221; box_style=&#8221;&#8221; title=&#8221;Email&#8221; title_color=&#8221;rgba(255,255,255,0.4)&#8221; content_color=&#8221;#ffffff&#8221; icon_background_color=&#8221;rgba(0,0,0,0.4)&#8221;]mizrapyapi@hotmail.com[\/saturnthemes_industry_icon_box][\/vc_column][vc_column width=&#8221;1\/2&#8243; offset=&#8221;vc_col-md-4&#8243;][saturnthemes_industry_icon_box icon_fontawesome=&#8221;fas fa-phone-alt&#8221; box_bg_color=&#8221;rgba(0,0,0,0.5)&#8221; box_style=&#8221;&#8221; title=&#8221;Bizi Aray\u0131n&#8221; title_color=&#8221;rgba(255,255,255,0.4)&#8221; content_color=&#8221;#ffffff&#8221; icon_background_color=&#8221;rgba(0,0,0,0.4)&#8221;](+90) 532 0126769[\/saturnthemes_industry_icon_box][\/vc_column][\/vc_row][vc_row][vc_column][vc_custom_heading text=&#8221;REFERANSLARIMIZ&#8221; font_container=&#8221;tag:h2|font_size:30px|text_align:left|color:%23000000|line_height:0.8&#8243; use_theme_fonts=&#8221;yes&#8221; font_weight=&#8221;700&#8243; text_transform=&#8221;uppercase&#8221; heading_style=&#8221;heading&#8221; sub_heading_character_color=&#8221;rgba(0,0,0,0.4)&#8221;][\/vc_column][vc_column width=&#8221;1\/2&#8243;][vc_column_text]<\/p>\n<ul>\n<li>Birikim E\u011fitim Kurumlar\u0131 Pendik Kamp\u00fcs\u00fc<\/li>\n<li>Kavram E\u011fitim Kurumlar\u0131 Pendik Kamp\u00fcs\u00fc<\/li>\n<li>Do\u011fru Cevap E\u011fitim Kurumlar\u0131 Kartal Kamp\u00fcs\u00fc<\/li>\n<li>Kavram E\u011fitim Kurumlar\u0131 Kartal Kamp\u00fcs\u00fc<\/li>\n<li>Fatih Sultan Mehmet Ortaokulu<\/li>\n<li>\u0130KEV E\u011fitim Kurumlar\u0131<\/li>\n<li>Necip Faz\u0131l \u0130HO<\/li>\n<\/ul>\n<p>[\/vc_column_text][\/vc_column][vc_column width=&#8221;1\/2&#8243;][vc_column_text]<\/p>\n<ul>\n<li>Sezai Karako\u00e7 A\u0130HL<\/li>\n<li>Yazg\u0131 G\u0131da Et ve Tavuk<\/li>\n<li>\u00d6mer\u00e7am A\u0130HL<\/li>\n<li>Mizan K\u0131rtasiye<\/li>\n<li>K\u0131l\u0131\u00e7ay Restorant<\/li>\n<li>G\u00f6k\u00e7eli K\u00f6y\u00fc Kona\u011f\u0131<\/li>\n<li>Kartal Anadolu \u0130HL<\/li>\n<\/ul>\n<p>[\/vc_column_text][\/vc_column][\/vc_row]<\/p>\n","protected":false},"excerpt":{"rendered":"<p>[vc_row][vc_column][rev_slider alias=&#8221;homepage-01&#8243;][\/vc_column][\/vc_row][vc_row][vc_column width=&#8221;1\/2&#8243; offset=&#8221;vc_col-md-8&#8243;][\/vc_column][vc_column width=&#8221;1\/2&#8243; css=&#8221;.vc_custom_1467710608463{margin-top: -70px !important;}&#8221; offset=&#8221;vc_col-md-4 vc_col-sm-offset-0 vc_hidden-sm vc_col-xs-12&#8243;][saturnthemes_industry_icon_box icon_fontawesome=&#8221;fas fa-envelope&#8221; read_more=&#8221;box&#8221; link=&#8221;url:https%3A%2F%2Fwww.mizrapyapi.com%2Filetisimm%2F&#8221; box_style=&#8221;&#8221; title=&#8221;Sormakta Teredd\u00fct Etme&#8221; title_color=&#8221;rgba(0,0,0,0.4)&#8221; content_color=&#8221;#ffffff&#8221; icon_background_color=&#8221;rgba(0,0,0,0.1)&#8221; custom_color=&#8221;#ffffff&#8221; el_class=&#8221;primary-bg&#8221;]HIZLI TEKL\u0130F AL[\/saturnthemes_industry_icon_box][\/vc_column][\/vc_row][vc_row css=&#8221;.vc_custom_1465809554607{padding-top: 50px !important;padding-bottom: 30px !important;}&#8221;][vc_column][vc_custom_heading text=&#8221;H\u0130ZMETLER\u0130M\u0130Z&#8221; font_container=&#8221;tag:h2|font_size:30px|text_align:left|line_height:0.8&#8243; use_theme_fonts=&#8221;yes&#8221; font_weight=&#8221;700&#8243; text_transform=&#8221;uppercase&#8221; heading_style=&#8221;heading&#8221; sub_heading_character=&#8221;NE YAPIYORUZ?&#8221; sub_heading_character_color=&#8221;rgba(0,0,0,0.4)&#8221;][saturnthemes_industry_services_grid show_excerpt=&#8221;yes&#8221; show_icon=&#8221;yes&#8221; order=&#8221;DESC&#8221; per_page=&#8221;6&#8243; taxonomies=&#8221;industry&#8221;][\/vc_column][vc_column][\/vc_column][\/vc_row][vc_row full_width=&#8221;stretch_row&#8221; content_placement=&#8221;middle&#8221; css=&#8221;.vc_custom_1461166766966{border-top-width: 1px !important;border-top-color: #eeeeee !important;border-top-style: solid !important;}&#8221;][vc_column [&hellip;]<\/p>\n","protected":false},"author":1,"featured_media":0,"parent":0,"menu_order":0,"comment_status":"closed","ping_status":"closed","template":"","meta":{"footnotes":""},"class_list":["post-687","page","type-page","status-publish","hentry"],"_links":{"self":[{"href":"https:\/\/www.mizrapyapi.com\/index.php?rest_route=\/wp\/v2\/pages\/687","targetHints":{"allow":["GET"]}}],"collection":[{"href":"https:\/\/www.mizrapyapi.com\/index.php?rest_route=\/wp\/v2\/pages"}],"about":[{"href":"https:\/\/www.mizrapyapi.com\/index.php?rest_route=\/wp\/v2\/types\/page"}],"author":[{"embeddable":true,"href":"https:\/\/www.mizrapyapi.com\/index.php?rest_route=\/wp\/v2\/users\/1"}],"replies":[{"embeddable":true,"href":"https:\/\/www.mizrapyapi.com\/index.php?rest_route=%2Fwp%2Fv2%2Fcomments&post=687"}],"version-history":[{"count":0,"href":"https:\/\/www.mizrapyapi.com\/index.php?rest_route=\/wp\/v2\/pages\/687\/revisions"}],"wp:attachment":[{"href":"https:\/\/www.mizrapyapi.com\/index.php?rest_route=%2Fwp%2Fv2%2Fmedia&parent=687"}],"curies":[{"name":"wp","href":"https:\/\/api.w.org\/{rel}","templated":true}]}}