{"id":830,"date":"2016-04-25T16:23:01","date_gmt":"2016-04-25T16:23:01","guid":{"rendered":"https:\/\/industry.saturnthemes.dev\/?page_id=830"},"modified":"2016-04-25T16:23:01","modified_gmt":"2016-04-25T16:23:01","slug":"about-us","status":"publish","type":"page","link":"https:\/\/www.mizrapyapi.com\/?page_id=830","title":{"rendered":"HAKKIMIZDA"},"content":{"rendered":"<p>[vc_row css=&#8221;.vc_custom_1461605744568{margin-bottom: 80px !important;}&#8221;][vc_column width=&#8221;1\/2&#8243;][vc_single_image image=&#8221;1769&#8243; img_size=&#8221;full&#8221; alignment=&#8221;center&#8221; css_animation=&#8221;left-to-right&#8221; css=&#8221;.vc_custom_1616750971876{margin-bottom: 0px !important;}&#8221;][\/vc_column][vc_column width=&#8221;1\/2&#8243;][vc_custom_heading text=&#8221;B\u0130Z GELM\u0130\u015e GE\u00c7M\u0130\u015e EN \u0130Y\u0130 \u015e\u0130RKET\u0130Z!&#8221; font_container=&#8221;tag:h2|font_size:30px|text_align:left&#8221; use_theme_fonts=&#8221;yes&#8221; font_weight=&#8221;700&#8243; text_transform=&#8221;uppercase&#8221; sub_heading_character_color=&#8221;rgba(0,0,0,0.4)&#8221;][vc_empty_space height=&#8221;10px&#8221;][vc_column_text]2016 y\u0131l\u0131nda kurulan Mizrap Yap\u0131 Tasar\u0131m firmam\u0131z 2007 y\u0131l\u0131nda kurulan HHY\u015e Grup alt\u0131ndaki Karde\u015fler yap\u0131 malzemeleri ve dekorasyon hizmetleri ailesinin yeni bir ferdi olarak hizmet vermektedir.Ulusal alanda ger\u00e7ekle\u015ftirdi\u011fi projeler ile in\u015faat ve yap\u0131 tasar\u0131m alan\u0131nda \u00f6nc\u00fc firmalar aras\u0131nda yer almaktad\u0131r.Her ge\u00e7en g\u00fcn kendini geli\u015ftirerek yoluna devam eden mizrap yap\u0131 tasar\u0131m kalite ve g\u00fcveni kendine ilke olarak edinmi\u015ftir.<\/p>\n<p>Mizrap yap\u0131 tasar\u0131m ; Banyo fayans d\u00f6\u015femeleri, Mutfak ve Ah\u015fap uygulamalar\u0131 , Al\u00e7\u0131 ve Boya uygulamalar\u0131, Asma tavan ve Led gizli \u0131\u015f\u0131k uygulamalar\u0131, Su ve Do\u011falgaz tessisat uygulamalar\u0131, Tadilat ve Dekorasyon gibi alanlarda hizmet vermektedir.<\/p>\n<p>Mizrap yap\u0131 tasar\u0131m g\u00fcn\u00fcm\u00fcz modern tasar\u0131mlar\u0131n fark\u0131nda olup kulland\u0131\u011f\u0131 \u00fcr\u00fcnlerle estetik ve \u015f\u0131kl\u0131\u011fa \u00f6nem veren ya\u015fan\u0131labilir alanlar olu\u015fturma gayesi i\u00e7indedir.[\/vc_column_text][saturnthemes_industry_icon_button icon_fontawesome=&#8221;&#8221; btn_size=&#8221;btn-normal-size&#8221; link=&#8221;url:https%3A%2F%2Fwww.mizrapyapi.com%2Filetisimm%2F|title:ileti%C5%9Fim&#8221;][\/vc_column][\/vc_row][vc_row full_width=&#8221;stretch_row&#8221; content_placement=&#8221;middle&#8221; parallax=&#8221;content-moving-fade&#8221; parallax_image=&#8221;865&#8243; parallax_speed_bg=&#8221;3.5&#8243; css=&#8221;.vc_custom_1461606601272{padding-top: 77px !important;padding-bottom: 105px !important;}&#8221;][vc_column width=&#8221;1\/12&#8243;][\/vc_column][vc_column width=&#8221;5\/6&#8243; css=&#8221;.vc_custom_1461606376803{padding-right: 30px !important;padding-left: 30px !important;}&#8221;][vc_custom_heading text=&#8221;Evinizi G\u00fczelle\u015ftirmede Yard\u0131mc\u0131 Oluyoruz&#8221; font_container=&#8221;tag:h2|text_align:center|color:%23ffffff|line_height:1.6&#8243; use_theme_fonts=&#8221;yes&#8221; font_weight=&#8221;400&#8243; text_transform=&#8221;none&#8221; sub_heading_character_color=&#8221;rgba(0,0,0,0.4)&#8221;][vc_empty_space height=&#8221;20px&#8221;][saturnthemes_industry_icon_button btn_align=&#8221;center&#8221; icon_fontawesome=&#8221;&#8221; btn_size=&#8221;btn-normal-size&#8221; link=&#8221;url:https%3A%2F%2Fwww.mizrapyapi.com%2Filetisimm%2F|title:Hakk%C4%B1m%C4%B1zda&#8221;][\/vc_column][vc_column width=&#8221;1\/12&#8243;][\/vc_column][\/vc_row][vc_row css=&#8221;.vc_custom_1461607094126{padding-top: 45px !important;padding-bottom: 10px !important;}&#8221;][vc_column][vc_custom_heading text=&#8221;Tak\u0131mla Tan\u0131\u015f&#8221; font_container=&#8221;tag:h2|font_size:30px|text_align:left|line_height:0.8&#8243; use_theme_fonts=&#8221;yes&#8221; font_weight=&#8221;700&#8243; text_transform=&#8221;uppercase&#8221; heading_style=&#8221;heading&#8221; sub_heading_character=&#8221;EK\u0130B\u0130M\u0130Z&#8221; sub_heading_character_color=&#8221;rgba(0,0,0,0.4)&#8221;][saturnthemes_industry_staff_grid per_page=&#8221;1&#8243;][\/vc_column][\/vc_row]<\/p>\n","protected":false},"excerpt":{"rendered":"<p>[vc_row css=&#8221;.vc_custom_1461605744568{margin-bottom: 80px !important;}&#8221;][vc_column width=&#8221;1\/2&#8243;][vc_single_image image=&#8221;1769&#8243; img_size=&#8221;full&#8221; alignment=&#8221;center&#8221; css_animation=&#8221;left-to-right&#8221; css=&#8221;.vc_custom_1616750971876{margin-bottom: 0px !important;}&#8221;][\/vc_column][vc_column width=&#8221;1\/2&#8243;][vc_custom_heading text=&#8221;B\u0130Z GELM\u0130\u015e GE\u00c7M\u0130\u015e EN \u0130Y\u0130 \u015e\u0130RKET\u0130Z!&#8221; font_container=&#8221;tag:h2|font_size:30px|text_align:left&#8221; use_theme_fonts=&#8221;yes&#8221; font_weight=&#8221;700&#8243; text_transform=&#8221;uppercase&#8221; sub_heading_character_color=&#8221;rgba(0,0,0,0.4)&#8221;][vc_empty_space height=&#8221;10px&#8221;][vc_column_text]2016 y\u0131l\u0131nda kurulan Mizrap Yap\u0131 Tasar\u0131m firmam\u0131z 2007 y\u0131l\u0131nda kurulan HHY\u015e Grup alt\u0131ndaki Karde\u015fler yap\u0131 malzemeleri ve dekorasyon hizmetleri ailesinin yeni bir ferdi olarak hizmet vermektedir.Ulusal alanda ger\u00e7ekle\u015ftirdi\u011fi projeler ile in\u015faat [&hellip;]<\/p>\n","protected":false},"author":1,"featured_media":0,"parent":0,"menu_order":0,"comment_status":"closed","ping_status":"closed","template":"","meta":{"footnotes":""},"class_list":["post-830","page","type-page","status-publish","hentry"],"_links":{"self":[{"href":"https:\/\/www.mizrapyapi.com\/index.php?rest_route=\/wp\/v2\/pages\/830","targetHints":{"allow":["GET"]}}],"collection":[{"href":"https:\/\/www.mizrapyapi.com\/index.php?rest_route=\/wp\/v2\/pages"}],"about":[{"href":"https:\/\/www.mizrapyapi.com\/index.php?rest_route=\/wp\/v2\/types\/page"}],"author":[{"embeddable":true,"href":"https:\/\/www.mizrapyapi.com\/index.php?rest_route=\/wp\/v2\/users\/1"}],"replies":[{"embeddable":true,"href":"https:\/\/www.mizrapyapi.com\/index.php?rest_route=%2Fwp%2Fv2%2Fcomments&post=830"}],"version-history":[{"count":0,"href":"https:\/\/www.mizrapyapi.com\/index.php?rest_route=\/wp\/v2\/pages\/830\/revisions"}],"wp:attachment":[{"href":"https:\/\/www.mizrapyapi.com\/index.php?rest_route=%2Fwp%2Fv2%2Fmedia&parent=830"}],"curies":[{"name":"wp","href":"https:\/\/api.w.org\/{rel}","templated":true}]}}