{"id":855,"date":"2016-04-25T17:04:56","date_gmt":"2016-04-25T17:04:56","guid":{"rendered":"https:\/\/industry.saturnthemes.dev\/?page_id=855"},"modified":"2016-04-25T17:04:56","modified_gmt":"2016-04-25T17:04:56","slug":"iletisimm","status":"publish","type":"page","link":"https:\/\/www.mizrapyapi.com\/?page_id=855","title":{"rendered":"\u0130LET\u0130\u015e\u0130M"},"content":{"rendered":"<p>[vc_row css=&#8221;.vc_custom_1465980984912{border-bottom-width: 1px !important;padding-bottom: 36px !important;border-bottom-color: #eeeeee !important;border-bottom-style: solid !important;}&#8221;][vc_column width=&#8221;1\/2&#8243; offset=&#8221;vc_col-md-4&#8243;][saturnthemes_industry_contact title=&#8221;\u0130leti\u015fim&#8221; address=&#8221;\u00c7am\u00e7e\u015fme mah. Kadim sok,no:5, \u0130stanbul 34899, TR&#8221; phone=&#8221;(+90) 532 0126769&#8243; email=&#8221;mizrapyapi@hotmail.com&#8221; facebook=&#8221;https:\/\/www.facebook.com\/mizrapyapi&#8221; twitter=&#8221;#&#8221; linkedin=&#8221;#&#8221; skype=&#8221;#&#8221; el_class=&#8221;custom-contact-white&#8221; css=&#8221;.vc_custom_1628773092787{padding-top: 50px !important;padding-right: 30px !important;padding-bottom: 50px !important;padding-left: 30px !important;background-image: url(http:\/\/www.mizrapyapi.com\/wp-content\/uploads\/2016\/04\/contact-detail-bg.jpg?id=1225) !important;}&#8221;][\/vc_column][vc_column width=&#8221;1\/2&#8243; offset=&#8221;vc_col-md-8&#8243;][vc_gmaps link=&#8221;#E-8_JTNDaWZyYW1lJTIwc3JjJTNEJTIyaHR0cHMlM0ElMkYlMkZ3d3cuZ29vZ2xlLmNvbSUyRm1hcHMlMkZlbWJlZCUzRnBiJTNEJTIxMW0xOCUyMTFtMTIlMjExbTMlMjExZDc1NC4xOTA0ODkzNzYxMzA0JTIxMmQyOS4yNjkxODI4MjkxODY5NzglMjEzZDQwLjg3NzA5Nzg5ODcwNzEyJTIxMm0zJTIxMWYwJTIxMmYwJTIxM2YwJTIxM20yJTIxMWkxMDI0JTIxMmk3NjglMjE0ZjEzLjElMjEzbTMlMjExbTIlMjExczB4MTRjYWRiN2Q3ZjBlOTM1OSUyNTNBMHgyYmUxYmU0ZGFlYzA3MTZjJTIxMnp3NGRoYmNPblpjV2ZiV1VzSUV0aFpHbHRJRk52YXk0Z05TQkRMQ0F6TkRnNU9TQlFaVzVrYVdzdnhMQnpkR0Z1WW5WcyUyMTVlMCUyMTNtMiUyMTFzdHIlMjEyc3RyJTIxNHYxNjE2MDY0Njc1MjU1JTIxNW0yJTIxMXN0ciUyMTJzdHIlMjIlMjB3aWR0aCUzRCUyMjYwMCUyMiUyMGhlaWdodCUzRCUyMjQ1MCUyMiUyMHN0eWxlJTNEJTIyYm9yZGVyJTNBMCUzQiUyMiUyMGFsbG93ZnVsbHNjcmVlbiUzRCUyMiUyMiUyMGxvYWRpbmclM0QlMjJsYXp5JTIyJTNFJTNDJTJGaWZyYW1lJTNF&#8221;][\/vc_column][\/vc_row][vc_row css=&#8221;.vc_custom_1465981075635{border-top-width: 1px !important;padding-top: 55px !important;padding-bottom: 60px !important;border-top-color: #eeeeee !important;}&#8221;][vc_column offset=&#8221;vc_col-md-8&#8243;][vc_custom_heading text=&#8221;B\u0130ZE ULA\u015eIN&#8221; font_container=&#8221;tag:h2|font_size:30px|text_align:left|line_height:1.2&#8243; use_theme_fonts=&#8221;yes&#8221; font_weight=&#8221;700&#8243; text_transform=&#8221;uppercase&#8221; sub_heading_character_color=&#8221;rgba(0,0,0,0.4)&#8221;][vc_column_text]Sundu\u011fumuz hizmetler hakk\u0131nda herhangi bir sorunuz varsa, a\u015fa\u011f\u0131daki formu kullan\u0131n. 24 saat i\u00e7inde t\u00fcm soru ve yorumlara cevap vermeye \u00e7al\u0131\u015f\u0131yoruz.[\/vc_column_text][contact-form-7 id=&#8221;1548&#8243;][\/vc_column][vc_column width=&#8221;1\/3&#8243; offset=&#8221;vc_hidden-sm vc_hidden-xs&#8221;][vc_gallery type=&#8221;image_grid&#8221; images=&#8221;1459&#8243; img_size=&#8221;full&#8221; onclick=&#8221;&#8221;][\/vc_column][\/vc_row][vc_row full_width=&#8221;stretch_row&#8221; content_placement=&#8221;middle&#8221; el_class=&#8221;primary-bg&#8221; css=&#8221;.vc_custom_1467393265375{padding-top: 0px !important;}&#8221;][vc_column width=&#8221;1\/2&#8243; css=&#8221;.vc_custom_1466842083116{padding-top: 0px !important;}&#8221; offset=&#8221;vc_col-md-4&#8243;][saturnthemes_industry_icon_box icon_fontawesome=&#8221;fas fa-building&#8221; icon_size=&#8221;30px&#8221; read_more=&#8221;box&#8221; link=&#8221;url:https%3A%2F%2Fwww.mizrapyapi.com%2Filetisimm%2F|title:%C4%B0LET%C4%B0%C5%9E%C4%B0M&#8221; box_style=&#8221;&#8221; title=&#8221;Sormaktan \u00c7ekinmeyin&#8221; title_color=&#8221;rgba(0,0,0,0.4)&#8221; content_color=&#8221;#ffffff&#8221; icon_background_color=&#8221;rgba(0,0,0,0.1)&#8221; custom_color=&#8221;#ffffff&#8221;]HEMEN TEKL\u0130F AL[\/saturnthemes_industry_icon_box][\/vc_column][vc_column width=&#8221;1\/2&#8243; css=&#8221;.vc_custom_1467393863199{padding-top: 0px !important;}&#8221; offset=&#8221;vc_col-md-8&#8243; el_class=&#8221;group-btn-inline inline-right&#8221;][\/vc_column][\/vc_row]<\/p>\n","protected":false},"excerpt":{"rendered":"<p>[vc_row css=&#8221;.vc_custom_1465980984912{border-bottom-width: 1px !important;padding-bottom: 36px !important;border-bottom-color: #eeeeee !important;border-bottom-style: solid !important;}&#8221;][vc_column width=&#8221;1\/2&#8243; offset=&#8221;vc_col-md-4&#8243;][saturnthemes_industry_contact title=&#8221;\u0130leti\u015fim&#8221; address=&#8221;\u00c7am\u00e7e\u015fme mah. Kadim sok,no:5, \u0130stanbul 34899, TR&#8221; phone=&#8221;(+90) 532 0126769&#8243; email=&#8221;mizrapyapi@hotmail.com&#8221; facebook=&#8221;https:\/\/www.facebook.com\/mizrapyapi&#8221; twitter=&#8221;#&#8221; linkedin=&#8221;#&#8221; skype=&#8221;#&#8221; el_class=&#8221;custom-contact-white&#8221; css=&#8221;.vc_custom_1628773092787{padding-top: 50px !important;padding-right: 30px !important;padding-bottom: 50px !important;padding-left: 30px !important;background-image: url(http:\/\/www.mizrapyapi.com\/wp-content\/uploads\/2016\/04\/contact-detail-bg.jpg?id=1225) !important;}&#8221;][\/vc_column][vc_column width=&#8221;1\/2&#8243; offset=&#8221;vc_col-md-8&#8243;][vc_gmaps link=&#8221;#E-8_JTNDaWZyYW1lJTIwc3JjJTNEJTIyaHR0cHMlM0ElMkYlMkZ3d3cuZ29vZ2xlLmNvbSUyRm1hcHMlMkZlbWJlZCUzRnBiJTNEJTIxMW0xOCUyMTFtMTIlMjExbTMlMjExZDc1NC4xOTA0ODkzNzYxMzA0JTIxMmQyOS4yNjkxODI4MjkxODY5NzglMjEzZDQwLjg3NzA5Nzg5ODcwNzEyJTIxMm0zJTIxMWYwJTIxMmYwJTIxM2YwJTIxM20yJTIxMWkxMDI0JTIxMmk3NjglMjE0ZjEzLjElMjEzbTMlMjExbTIlMjExczB4MTRjYWRiN2Q3ZjBlOTM1OSUyNTNBMHgyYmUxYmU0ZGFlYzA3MTZjJTIxMnp3NGRoYmNPblpjV2ZiV1VzSUV0aFpHbHRJRk52YXk0Z05TQkRMQ0F6TkRnNU9TQlFaVzVrYVdzdnhMQnpkR0Z1WW5WcyUyMTVlMCUyMTNtMiUyMTFzdHIlMjEyc3RyJTIxNHYxNjE2MDY0Njc1MjU1JTIxNW0yJTIxMXN0ciUyMTJzdHIlMjIlMjB3aWR0aCUzRCUyMjYwMCUyMiUyMGhlaWdodCUzRCUyMjQ1MCUyMiUyMHN0eWxlJTNEJTIyYm9yZGVyJTNBMCUzQiUyMiUyMGFsbG93ZnVsbHNjcmVlbiUzRCUyMiUyMiUyMGxvYWRpbmclM0QlMjJsYXp5JTIyJTNFJTNDJTJGaWZyYW1lJTNF&#8221;][\/vc_column][\/vc_row][vc_row css=&#8221;.vc_custom_1465981075635{border-top-width: 1px !important;padding-top: 55px !important;padding-bottom: 60px !important;border-top-color: #eeeeee !important;}&#8221;][vc_column offset=&#8221;vc_col-md-8&#8243;][vc_custom_heading text=&#8221;B\u0130ZE ULA\u015eIN&#8221; [&hellip;]<\/p>\n","protected":false},"author":1,"featured_media":0,"parent":0,"menu_order":0,"comment_status":"closed","ping_status":"closed","template":"","meta":{"footnotes":""},"class_list":["post-855","page","type-page","status-publish","hentry"],"_links":{"self":[{"href":"https:\/\/www.mizrapyapi.com\/index.php?rest_route=\/wp\/v2\/pages\/855","targetHints":{"allow":["GET"]}}],"collection":[{"href":"https:\/\/www.mizrapyapi.com\/index.php?rest_route=\/wp\/v2\/pages"}],"about":[{"href":"https:\/\/www.mizrapyapi.com\/index.php?rest_route=\/wp\/v2\/types\/page"}],"author":[{"embeddable":true,"href":"https:\/\/www.mizrapyapi.com\/index.php?rest_route=\/wp\/v2\/users\/1"}],"replies":[{"embeddable":true,"href":"https:\/\/www.mizrapyapi.com\/index.php?rest_route=%2Fwp%2Fv2%2Fcomments&post=855"}],"version-history":[{"count":0,"href":"https:\/\/www.mizrapyapi.com\/index.php?rest_route=\/wp\/v2\/pages\/855\/revisions"}],"wp:attachment":[{"href":"https:\/\/www.mizrapyapi.com\/index.php?rest_route=%2Fwp%2Fv2%2Fmedia&parent=855"}],"curies":[{"name":"wp","href":"https:\/\/api.w.org\/{rel}","templated":true}]}}